{"id":340,"date":"2022-07-27T19:40:09","date_gmt":"2022-07-27T17:40:09","guid":{"rendered":"https:\/\/pizzeriaiduemondi.it\/www\/?page_id=340"},"modified":"2026-04-25T23:33:43","modified_gmt":"2026-04-25T21:33:43","slug":"ristorante","status":"publish","type":"page","link":"https:\/\/pizzeriaiduemondi.it\/www\/ristorante\/","title":{"rendered":"Il ristorante"},"content":{"rendered":"\n<h1 class=\"wp-block-heading has-text-align-center lightbox[piatti]\">Il ristorante<\/h1>\n\n\n\n<figure class=\"wp-block-gallery alignleft has-nested-images columns-3 is-cropped wp-block-gallery-1 is-layout-flex wp-block-gallery-is-layout-flex\">\n<figure class=\"wp-block-image size-large\"><img fetchpriority=\"high\" decoding=\"async\" width=\"1000\" height=\"667\" data-id=\"535\" src=\"https:\/\/pizzeriaiduemondi.it\/www\/imgs\/primo-gnocchetti-casa-gamberi-pomodori-pistacchi-i-due-mondi-busca.jpg\" alt=\"\" class=\"wp-image-535\" srcset=\"https:\/\/pizzeriaiduemondi.it\/www\/imgs\/primo-gnocchetti-casa-gamberi-pomodori-pistacchi-i-due-mondi-busca.jpg 1000w, https:\/\/pizzeriaiduemondi.it\/www\/imgs\/primo-gnocchetti-casa-gamberi-pomodori-pistacchi-i-due-mondi-busca-300x200.jpg 300w, https:\/\/pizzeriaiduemondi.it\/www\/imgs\/primo-gnocchetti-casa-gamberi-pomodori-pistacchi-i-due-mondi-busca-768x512.jpg 768w, https:\/\/pizzeriaiduemondi.it\/www\/imgs\/primo-gnocchetti-casa-gamberi-pomodori-pistacchi-i-due-mondi-busca-930x620.jpg 930w\" sizes=\"(max-width: 1000px) 100vw, 1000px\" \/><\/figure>\n\n\n\n<figure class=\"wp-block-image size-large\"><img decoding=\"async\" width=\"1000\" height=\"667\" data-id=\"539\" src=\"https:\/\/pizzeriaiduemondi.it\/www\/imgs\/primo-tagliatelle-artigianali-pesto-casa-burrata-pistacchi-i-due-mondi-busca.jpg\" alt=\"\" class=\"wp-image-539\" srcset=\"https:\/\/pizzeriaiduemondi.it\/www\/imgs\/primo-tagliatelle-artigianali-pesto-casa-burrata-pistacchi-i-due-mondi-busca.jpg 1000w, https:\/\/pizzeriaiduemondi.it\/www\/imgs\/primo-tagliatelle-artigianali-pesto-casa-burrata-pistacchi-i-due-mondi-busca-300x200.jpg 300w, https:\/\/pizzeriaiduemondi.it\/www\/imgs\/primo-tagliatelle-artigianali-pesto-casa-burrata-pistacchi-i-due-mondi-busca-768x512.jpg 768w, https:\/\/pizzeriaiduemondi.it\/www\/imgs\/primo-tagliatelle-artigianali-pesto-casa-burrata-pistacchi-i-due-mondi-busca-930x620.jpg 930w\" sizes=\"(max-width: 1000px) 100vw, 1000px\" \/><\/figure>\n\n\n\n<figure class=\"wp-block-image size-large\"><img decoding=\"async\" width=\"1000\" height=\"667\" data-id=\"538\" src=\"https:\/\/pizzeriaiduemondi.it\/www\/imgs\/primo-spaghetti-gragnano-cozze-vongole-i-due-mondi-busca.jpg\" alt=\"\" class=\"wp-image-538\" srcset=\"https:\/\/pizzeriaiduemondi.it\/www\/imgs\/primo-spaghetti-gragnano-cozze-vongole-i-due-mondi-busca.jpg 1000w, https:\/\/pizzeriaiduemondi.it\/www\/imgs\/primo-spaghetti-gragnano-cozze-vongole-i-due-mondi-busca-300x200.jpg 300w, https:\/\/pizzeriaiduemondi.it\/www\/imgs\/primo-spaghetti-gragnano-cozze-vongole-i-due-mondi-busca-768x512.jpg 768w, https:\/\/pizzeriaiduemondi.it\/www\/imgs\/primo-spaghetti-gragnano-cozze-vongole-i-due-mondi-busca-930x620.jpg 930w\" sizes=\"(max-width: 1000px) 100vw, 1000px\" \/><\/figure>\n\n\n\n<figure class=\"wp-block-image size-large\"><img loading=\"lazy\" decoding=\"async\" width=\"1000\" height=\"667\" data-id=\"537\" src=\"https:\/\/pizzeriaiduemondi.it\/www\/imgs\/primo-spaghetti-gragnano-carbonara-i-due-mondi-busca.jpg\" alt=\"\" class=\"wp-image-537\" srcset=\"https:\/\/pizzeriaiduemondi.it\/www\/imgs\/primo-spaghetti-gragnano-carbonara-i-due-mondi-busca.jpg 1000w, https:\/\/pizzeriaiduemondi.it\/www\/imgs\/primo-spaghetti-gragnano-carbonara-i-due-mondi-busca-300x200.jpg 300w, https:\/\/pizzeriaiduemondi.it\/www\/imgs\/primo-spaghetti-gragnano-carbonara-i-due-mondi-busca-768x512.jpg 768w, https:\/\/pizzeriaiduemondi.it\/www\/imgs\/primo-spaghetti-gragnano-carbonara-i-due-mondi-busca-930x620.jpg 930w\" sizes=\"(max-width: 1000px) 100vw, 1000px\" \/><\/figure>\n\n\n\n<figure class=\"wp-block-image size-large\"><img loading=\"lazy\" decoding=\"async\" width=\"1000\" height=\"667\" data-id=\"536\" src=\"https:\/\/pizzeriaiduemondi.it\/www\/imgs\/primo-risotto-zafferano-caraglio-i-due-mondi-busca.jpg\" alt=\"\" class=\"wp-image-536\" srcset=\"https:\/\/pizzeriaiduemondi.it\/www\/imgs\/primo-risotto-zafferano-caraglio-i-due-mondi-busca.jpg 1000w, https:\/\/pizzeriaiduemondi.it\/www\/imgs\/primo-risotto-zafferano-caraglio-i-due-mondi-busca-300x200.jpg 300w, https:\/\/pizzeriaiduemondi.it\/www\/imgs\/primo-risotto-zafferano-caraglio-i-due-mondi-busca-768x512.jpg 768w, https:\/\/pizzeriaiduemondi.it\/www\/imgs\/primo-risotto-zafferano-caraglio-i-due-mondi-busca-930x620.jpg 930w\" sizes=\"(max-width: 1000px) 100vw, 1000px\" \/><\/figure>\n\n\n\n<figure class=\"wp-block-image size-large\"><img loading=\"lazy\" decoding=\"async\" width=\"1000\" height=\"667\" data-id=\"534\" src=\"https:\/\/pizzeriaiduemondi.it\/www\/imgs\/primo-gnocchetti-casa-castelmagno-nocciole-i-due-mondi-busca.jpg\" alt=\"\" class=\"wp-image-534\" srcset=\"https:\/\/pizzeriaiduemondi.it\/www\/imgs\/primo-gnocchetti-casa-castelmagno-nocciole-i-due-mondi-busca.jpg 1000w, https:\/\/pizzeriaiduemondi.it\/www\/imgs\/primo-gnocchetti-casa-castelmagno-nocciole-i-due-mondi-busca-300x200.jpg 300w, https:\/\/pizzeriaiduemondi.it\/www\/imgs\/primo-gnocchetti-casa-castelmagno-nocciole-i-due-mondi-busca-768x512.jpg 768w, https:\/\/pizzeriaiduemondi.it\/www\/imgs\/primo-gnocchetti-casa-castelmagno-nocciole-i-due-mondi-busca-930x620.jpg 930w\" sizes=\"(max-width: 1000px) 100vw, 1000px\" \/><\/figure>\n\n\n\n<figure class=\"wp-block-image size-large\"><img loading=\"lazy\" decoding=\"async\" width=\"1000\" height=\"667\" data-id=\"527\" src=\"https:\/\/pizzeriaiduemondi.it\/www\/imgs\/grigliata-mista-pesce-i-due-mondi-busca.jpg\" alt=\"\" class=\"wp-image-527\" srcset=\"https:\/\/pizzeriaiduemondi.it\/www\/imgs\/grigliata-mista-pesce-i-due-mondi-busca.jpg 1000w, https:\/\/pizzeriaiduemondi.it\/www\/imgs\/grigliata-mista-pesce-i-due-mondi-busca-300x200.jpg 300w, https:\/\/pizzeriaiduemondi.it\/www\/imgs\/grigliata-mista-pesce-i-due-mondi-busca-768x512.jpg 768w, https:\/\/pizzeriaiduemondi.it\/www\/imgs\/grigliata-mista-pesce-i-due-mondi-busca-930x620.jpg 930w\" sizes=\"(max-width: 1000px) 100vw, 1000px\" \/><\/figure>\n\n\n\n<figure class=\"wp-block-image size-large\"><img loading=\"lazy\" decoding=\"async\" width=\"1000\" height=\"667\" data-id=\"533\" src=\"https:\/\/pizzeriaiduemondi.it\/www\/imgs\/frittura-mista-pesce-i-due-mondi-busca.jpg\" alt=\"\" class=\"wp-image-533\" srcset=\"https:\/\/pizzeriaiduemondi.it\/www\/imgs\/frittura-mista-pesce-i-due-mondi-busca.jpg 1000w, https:\/\/pizzeriaiduemondi.it\/www\/imgs\/frittura-mista-pesce-i-due-mondi-busca-300x200.jpg 300w, https:\/\/pizzeriaiduemondi.it\/www\/imgs\/frittura-mista-pesce-i-due-mondi-busca-768x512.jpg 768w, https:\/\/pizzeriaiduemondi.it\/www\/imgs\/frittura-mista-pesce-i-due-mondi-busca-930x620.jpg 930w\" sizes=\"(max-width: 1000px) 100vw, 1000px\" \/><\/figure>\n\n\n\n<figure class=\"wp-block-image size-large\"><img loading=\"lazy\" decoding=\"async\" width=\"1000\" height=\"667\" data-id=\"529\" src=\"https:\/\/pizzeriaiduemondi.it\/www\/imgs\/salmone-norvegese-croccante-verdure-i-due-mondi-busca.jpg\" alt=\"\" class=\"wp-image-529\" srcset=\"https:\/\/pizzeriaiduemondi.it\/www\/imgs\/salmone-norvegese-croccante-verdure-i-due-mondi-busca.jpg 1000w, https:\/\/pizzeriaiduemondi.it\/www\/imgs\/salmone-norvegese-croccante-verdure-i-due-mondi-busca-300x200.jpg 300w, https:\/\/pizzeriaiduemondi.it\/www\/imgs\/salmone-norvegese-croccante-verdure-i-due-mondi-busca-768x512.jpg 768w, https:\/\/pizzeriaiduemondi.it\/www\/imgs\/salmone-norvegese-croccante-verdure-i-due-mondi-busca-930x620.jpg 930w\" sizes=\"(max-width: 1000px) 100vw, 1000px\" \/><\/figure>\n\n\n\n<figure class=\"wp-block-image size-large\"><img loading=\"lazy\" decoding=\"async\" width=\"1000\" height=\"667\" data-id=\"528\" src=\"https:\/\/pizzeriaiduemondi.it\/www\/imgs\/polpo-piastra-verdure-i-due-mondi-busca.jpg\" alt=\"\" class=\"wp-image-528\" srcset=\"https:\/\/pizzeriaiduemondi.it\/www\/imgs\/polpo-piastra-verdure-i-due-mondi-busca.jpg 1000w, https:\/\/pizzeriaiduemondi.it\/www\/imgs\/polpo-piastra-verdure-i-due-mondi-busca-300x200.jpg 300w, https:\/\/pizzeriaiduemondi.it\/www\/imgs\/polpo-piastra-verdure-i-due-mondi-busca-768x512.jpg 768w, https:\/\/pizzeriaiduemondi.it\/www\/imgs\/polpo-piastra-verdure-i-due-mondi-busca-930x620.jpg 930w\" sizes=\"(max-width: 1000px) 100vw, 1000px\" \/><\/figure>\n\n\n\n<figure class=\"wp-block-image size-large\"><img loading=\"lazy\" decoding=\"async\" width=\"1000\" height=\"667\" data-id=\"531\" src=\"https:\/\/pizzeriaiduemondi.it\/www\/imgs\/tagliata-vitello-piemontese-rucola-glassa-i-due-mondi-busca.jpg\" alt=\"\" class=\"wp-image-531\" srcset=\"https:\/\/pizzeriaiduemondi.it\/www\/imgs\/tagliata-vitello-piemontese-rucola-glassa-i-due-mondi-busca.jpg 1000w, https:\/\/pizzeriaiduemondi.it\/www\/imgs\/tagliata-vitello-piemontese-rucola-glassa-i-due-mondi-busca-300x200.jpg 300w, https:\/\/pizzeriaiduemondi.it\/www\/imgs\/tagliata-vitello-piemontese-rucola-glassa-i-due-mondi-busca-768x512.jpg 768w, https:\/\/pizzeriaiduemondi.it\/www\/imgs\/tagliata-vitello-piemontese-rucola-glassa-i-due-mondi-busca-930x620.jpg 930w\" sizes=\"(max-width: 1000px) 100vw, 1000px\" \/><\/figure>\n\n\n\n<figure class=\"wp-block-image size-large\"><img loading=\"lazy\" decoding=\"async\" width=\"1000\" height=\"667\" data-id=\"530\" src=\"https:\/\/pizzeriaiduemondi.it\/www\/imgs\/saute-cozze-i-due-mondi-busca.jpg\" alt=\"\" class=\"wp-image-530\" srcset=\"https:\/\/pizzeriaiduemondi.it\/www\/imgs\/saute-cozze-i-due-mondi-busca.jpg 1000w, https:\/\/pizzeriaiduemondi.it\/www\/imgs\/saute-cozze-i-due-mondi-busca-300x200.jpg 300w, https:\/\/pizzeriaiduemondi.it\/www\/imgs\/saute-cozze-i-due-mondi-busca-768x512.jpg 768w, https:\/\/pizzeriaiduemondi.it\/www\/imgs\/saute-cozze-i-due-mondi-busca-930x620.jpg 930w\" sizes=\"(max-width: 1000px) 100vw, 1000px\" \/><\/figure>\n\n\n\n<figure class=\"wp-block-image size-large\"><img loading=\"lazy\" decoding=\"async\" width=\"1000\" height=\"667\" data-id=\"532\" src=\"https:\/\/pizzeriaiduemondi.it\/www\/imgs\/zucchine-grigliate-i-due-mondi-busca.jpg\" alt=\"\" class=\"wp-image-532\" srcset=\"https:\/\/pizzeriaiduemondi.it\/www\/imgs\/zucchine-grigliate-i-due-mondi-busca.jpg 1000w, https:\/\/pizzeriaiduemondi.it\/www\/imgs\/zucchine-grigliate-i-due-mondi-busca-300x200.jpg 300w, https:\/\/pizzeriaiduemondi.it\/www\/imgs\/zucchine-grigliate-i-due-mondi-busca-768x512.jpg 768w, https:\/\/pizzeriaiduemondi.it\/www\/imgs\/zucchine-grigliate-i-due-mondi-busca-930x620.jpg 930w\" sizes=\"(max-width: 1000px) 100vw, 1000px\" \/><\/figure>\n\n\n\n<figure class=\"wp-block-image size-large\"><img loading=\"lazy\" decoding=\"async\" width=\"1000\" height=\"667\" data-id=\"541\" src=\"https:\/\/pizzeriaiduemondi.it\/www\/imgs\/dolce-crema-catalana-casa-i-due-mondi-busca.jpg\" alt=\"\" class=\"wp-image-541\" srcset=\"https:\/\/pizzeriaiduemondi.it\/www\/imgs\/dolce-crema-catalana-casa-i-due-mondi-busca.jpg 1000w, https:\/\/pizzeriaiduemondi.it\/www\/imgs\/dolce-crema-catalana-casa-i-due-mondi-busca-300x200.jpg 300w, https:\/\/pizzeriaiduemondi.it\/www\/imgs\/dolce-crema-catalana-casa-i-due-mondi-busca-768x512.jpg 768w, https:\/\/pizzeriaiduemondi.it\/www\/imgs\/dolce-crema-catalana-casa-i-due-mondi-busca-930x620.jpg 930w\" sizes=\"(max-width: 1000px) 100vw, 1000px\" \/><\/figure>\n\n\n\n<figure class=\"wp-block-image size-large\"><img loading=\"lazy\" decoding=\"async\" width=\"1000\" height=\"667\" data-id=\"544\" src=\"https:\/\/pizzeriaiduemondi.it\/www\/imgs\/dolce-semifreddo-lampone-cioccolato-chiavassa.jpg\" alt=\"\" class=\"wp-image-544\" srcset=\"https:\/\/pizzeriaiduemondi.it\/www\/imgs\/dolce-semifreddo-lampone-cioccolato-chiavassa.jpg 1000w, https:\/\/pizzeriaiduemondi.it\/www\/imgs\/dolce-semifreddo-lampone-cioccolato-chiavassa-300x200.jpg 300w, https:\/\/pizzeriaiduemondi.it\/www\/imgs\/dolce-semifreddo-lampone-cioccolato-chiavassa-768x512.jpg 768w, https:\/\/pizzeriaiduemondi.it\/www\/imgs\/dolce-semifreddo-lampone-cioccolato-chiavassa-930x620.jpg 930w\" sizes=\"(max-width: 1000px) 100vw, 1000px\" \/><\/figure>\n\n\n\n<figure class=\"wp-block-image size-large\"><img loading=\"lazy\" decoding=\"async\" width=\"1000\" height=\"667\" data-id=\"543\" src=\"https:\/\/pizzeriaiduemondi.it\/www\/imgs\/dolce-profiteroles-chiavassa-i-due-mondi-busca.jpg\" alt=\"\" class=\"wp-image-543\" srcset=\"https:\/\/pizzeriaiduemondi.it\/www\/imgs\/dolce-profiteroles-chiavassa-i-due-mondi-busca.jpg 1000w, https:\/\/pizzeriaiduemondi.it\/www\/imgs\/dolce-profiteroles-chiavassa-i-due-mondi-busca-300x200.jpg 300w, https:\/\/pizzeriaiduemondi.it\/www\/imgs\/dolce-profiteroles-chiavassa-i-due-mondi-busca-768x512.jpg 768w, https:\/\/pizzeriaiduemondi.it\/www\/imgs\/dolce-profiteroles-chiavassa-i-due-mondi-busca-930x620.jpg 930w\" sizes=\"(max-width: 1000px) 100vw, 1000px\" \/><\/figure>\n\n\n\n<figure class=\"wp-block-image size-large\"><img loading=\"lazy\" decoding=\"async\" width=\"1000\" height=\"667\" data-id=\"542\" src=\"https:\/\/pizzeriaiduemondi.it\/www\/imgs\/dolce-panna-cotta-casa-i-due-mondi-busca.jpg\" alt=\"\" class=\"wp-image-542\" srcset=\"https:\/\/pizzeriaiduemondi.it\/www\/imgs\/dolce-panna-cotta-casa-i-due-mondi-busca.jpg 1000w, https:\/\/pizzeriaiduemondi.it\/www\/imgs\/dolce-panna-cotta-casa-i-due-mondi-busca-300x200.jpg 300w, https:\/\/pizzeriaiduemondi.it\/www\/imgs\/dolce-panna-cotta-casa-i-due-mondi-busca-768x512.jpg 768w, https:\/\/pizzeriaiduemondi.it\/www\/imgs\/dolce-panna-cotta-casa-i-due-mondi-busca-930x620.jpg 930w\" sizes=\"(max-width: 1000px) 100vw, 1000px\" \/><\/figure>\n\n\n\n<figure class=\"wp-block-image size-large\"><img loading=\"lazy\" decoding=\"async\" width=\"1000\" height=\"667\" data-id=\"540\" src=\"https:\/\/pizzeriaiduemondi.it\/www\/imgs\/dolce-tiramisu-casa-i-due-mondi-busca.jpg\" alt=\"\" class=\"wp-image-540\" srcset=\"https:\/\/pizzeriaiduemondi.it\/www\/imgs\/dolce-tiramisu-casa-i-due-mondi-busca.jpg 1000w, https:\/\/pizzeriaiduemondi.it\/www\/imgs\/dolce-tiramisu-casa-i-due-mondi-busca-300x200.jpg 300w, https:\/\/pizzeriaiduemondi.it\/www\/imgs\/dolce-tiramisu-casa-i-due-mondi-busca-768x512.jpg 768w, https:\/\/pizzeriaiduemondi.it\/www\/imgs\/dolce-tiramisu-casa-i-due-mondi-busca-930x620.jpg 930w\" sizes=\"(max-width: 1000px) 100vw, 1000px\" \/><\/figure>\n<\/figure>\n\n\n\n<p><\/p>\n\n\n\n<p><br>Il ristorante offre ai clienti un men\u00f9 alla carta oppure, su prenotazione, specialit\u00e0 italiane e straniere, come la Paella Valenciana.<\/p>\n\n\n\n<p>Il pesce \u00e8 il &#8220;piatto forte&#8221; del Ristorante I Due Mondi, da gustare anche in favolose grigliate oppure piatti a base di pesce crudo (a richiesta).<\/p>\n\n\n\n<p>Una ricca carta dei vini accompagna in modo adeguato i vari piatti, mentre il guarnito carrello dei dolci sapr\u00e0 tentare anche i meno golosi.<\/p>\n\n\n\n<div style=\"height:6px\" aria-hidden=\"true\" class=\"wp-block-spacer\"><\/div>\n\n\n<div class=\"wp-block-image\">\n<figure class=\"alignleft is-resized\"><img decoding=\"async\" src=\"https:\/\/pizzeriaiduemondi.it\/www\/imgs\/paella.jpg\" alt=\"Paella Valenciana - Ristorante Pizzeria I Due Mondi in Busca (CN)\" style=\"aspect-ratio:1.5009380863039399;object-fit:cover;width:250px\"\/><\/figure>\n<\/div>\n\n\n<h5 class=\"wp-block-heading\">Paella Valenciana<\/h5>\n\n\n\n<p>Seguendo la tipica ricetta, cuciniamo la Paella a base di pesce oppure a base di carne (tutto su richiesta).<\/p>\n\n\n\n<center>\n<p>&nbsp;<\/p>\n<div style=\"width: 100%; padding: 5px; border: 3px dotted #FF0000; text-align: center;\"><b style=\"font-weight: bold; font-size: 16px;\">Prepariamo anche Piatti da Asporto:<\/b><br>Antipasti &#8211; Primi, Secondi, Fritture, Pizze, Pizze formato famiglia, dessert<\/div>\n<p>&nbsp;<\/p>\n<\/center>\n","protected":false},"excerpt":{"rendered":"<p>Il ristorante Il ristorante offre ai clienti un men\u00f9 alla carta oppure, su prenotazione, specialit\u00e0 italiane e straniere, come la Paella Valenciana. Il pesce \u00e8 il &#8220;piatto forte&#8221; del Ristorante I Due Mondi, da gustare anche in favolose grigliate oppure piatti a base di pesce crudo (a richiesta). Una ricca carta dei vini accompagna in&hellip;&nbsp;<a href=\"https:\/\/pizzeriaiduemondi.it\/www\/ristorante\/\" rel=\"bookmark\">Leggi tutto &raquo;<span class=\"screen-reader-text\">Il ristorante<\/span><\/a><\/p>\n","protected":false},"author":1,"featured_media":489,"parent":0,"menu_order":0,"comment_status":"closed","ping_status":"closed","template":"","meta":{"neve_meta_sidebar":"","neve_meta_container":"contained","neve_meta_enable_content_width":"on","neve_meta_content_width":80,"neve_meta_title_alignment":"center","neve_meta_author_avatar":"","neve_post_elements_order":"","neve_meta_disable_header":"off","neve_meta_disable_footer":"","neve_meta_disable_title":"","footnotes":"","_links_to":"","_links_to_target":""},"class_list":["post-340","page","type-page","status-publish","has-post-thumbnail","hentry"],"yoast_head":"<!-- This site is optimized with the Yoast SEO plugin v27.4 - https:\/\/yoast.com\/product\/yoast-seo-wordpress\/ -->\n<title>Il ristorante - I Due Mondi pizzeria ristorante in Busca<\/title>\n<meta name=\"description\" content=\"Offriamo ai clienti un men\u00f9 alla carta e, prenotando, Paella Valenciana. Il pesce e i crostacei sono la nostra specialit\u00e0\" \/>\n<meta name=\"robots\" content=\"index, follow, max-snippet:-1, max-image-preview:large, max-video-preview:-1\" \/>\n<link rel=\"canonical\" href=\"https:\/\/pizzeriaiduemondi.it\/www\/ristorante\/\" \/>\n<meta property=\"og:locale\" content=\"it_IT\" \/>\n<meta property=\"og:type\" content=\"article\" \/>\n<meta property=\"og:title\" content=\"Il ristorante - I Due Mondi pizzeria ristorante in Busca\" \/>\n<meta property=\"og:description\" content=\"Offriamo ai clienti un men\u00f9 alla carta e, prenotando, Paella Valenciana. Il pesce e i crostacei sono la nostra specialit\u00e0\" \/>\n<meta property=\"og:url\" content=\"https:\/\/pizzeriaiduemondi.it\/www\/ristorante\/\" \/>\n<meta property=\"og:site_name\" content=\"I Due Mondi pizzeria ristorante in Busca\" \/>\n<meta property=\"article:publisher\" content=\"https:\/\/www.facebook.com\/iduemondibusca\" \/>\n<meta property=\"article:modified_time\" content=\"2026-04-25T21:33:43+00:00\" \/>\n<meta property=\"og:image\" content=\"https:\/\/pizzeriaiduemondi.it\/www\/imgs\/cozze.jpg\" \/>\n\t<meta property=\"og:image:width\" content=\"1200\" \/>\n\t<meta property=\"og:image:height\" content=\"800\" \/>\n\t<meta property=\"og:image:type\" content=\"image\/jpeg\" \/>\n<meta name=\"twitter:card\" content=\"summary_large_image\" \/>\n<meta name=\"twitter:label1\" content=\"Tempo di lettura stimato\" \/>\n\t<meta name=\"twitter:data1\" content=\"5 minuti\" \/>\n<script type=\"application\/ld+json\" class=\"yoast-schema-graph\">{\"@context\":\"https:\\\/\\\/schema.org\",\"@graph\":[{\"@type\":\"WebPage\",\"@id\":\"https:\\\/\\\/pizzeriaiduemondi.it\\\/www\\\/ristorante\\\/\",\"url\":\"https:\\\/\\\/pizzeriaiduemondi.it\\\/www\\\/ristorante\\\/\",\"name\":\"Il ristorante - I Due Mondi pizzeria ristorante in Busca\",\"isPartOf\":{\"@id\":\"https:\\\/\\\/pizzeriaiduemondi.it\\\/www\\\/#website\"},\"primaryImageOfPage\":{\"@id\":\"https:\\\/\\\/pizzeriaiduemondi.it\\\/www\\\/ristorante\\\/#primaryimage\"},\"image\":{\"@id\":\"https:\\\/\\\/pizzeriaiduemondi.it\\\/www\\\/ristorante\\\/#primaryimage\"},\"thumbnailUrl\":\"https:\\\/\\\/pizzeriaiduemondi.it\\\/www\\\/imgs\\\/cozze.jpg\",\"datePublished\":\"2022-07-27T17:40:09+00:00\",\"dateModified\":\"2026-04-25T21:33:43+00:00\",\"description\":\"Offriamo ai clienti un men\u00f9 alla carta e, prenotando, Paella Valenciana. Il pesce e i crostacei sono la nostra specialit\u00e0\",\"breadcrumb\":{\"@id\":\"https:\\\/\\\/pizzeriaiduemondi.it\\\/www\\\/ristorante\\\/#breadcrumb\"},\"inLanguage\":\"it-IT\",\"potentialAction\":[{\"@type\":\"ReadAction\",\"target\":[\"https:\\\/\\\/pizzeriaiduemondi.it\\\/www\\\/ristorante\\\/\"]}]},{\"@type\":\"ImageObject\",\"inLanguage\":\"it-IT\",\"@id\":\"https:\\\/\\\/pizzeriaiduemondi.it\\\/www\\\/ristorante\\\/#primaryimage\",\"url\":\"https:\\\/\\\/pizzeriaiduemondi.it\\\/www\\\/imgs\\\/cozze.jpg\",\"contentUrl\":\"https:\\\/\\\/pizzeriaiduemondi.it\\\/www\\\/imgs\\\/cozze.jpg\",\"width\":1200,\"height\":800,\"caption\":\"pesce e crostacei\"},{\"@type\":\"BreadcrumbList\",\"@id\":\"https:\\\/\\\/pizzeriaiduemondi.it\\\/www\\\/ristorante\\\/#breadcrumb\",\"itemListElement\":[{\"@type\":\"ListItem\",\"position\":1,\"name\":\"Home\",\"item\":\"https:\\\/\\\/pizzeriaiduemondi.it\\\/www\\\/\"},{\"@type\":\"ListItem\",\"position\":2,\"name\":\"Il ristorante\"}]},{\"@type\":\"WebSite\",\"@id\":\"https:\\\/\\\/pizzeriaiduemondi.it\\\/www\\\/#website\",\"url\":\"https:\\\/\\\/pizzeriaiduemondi.it\\\/www\\\/\",\"name\":\"I Due Mondi pizzeria ristorante in Busca\",\"description\":\"Pizzeria Ristorante in Busca\",\"publisher\":{\"@id\":\"https:\\\/\\\/pizzeriaiduemondi.it\\\/www\\\/#organization\"},\"potentialAction\":[{\"@type\":\"SearchAction\",\"target\":{\"@type\":\"EntryPoint\",\"urlTemplate\":\"https:\\\/\\\/pizzeriaiduemondi.it\\\/www\\\/?s={search_term_string}\"},\"query-input\":{\"@type\":\"PropertyValueSpecification\",\"valueRequired\":true,\"valueName\":\"search_term_string\"}}],\"inLanguage\":\"it-IT\"},{\"@type\":\"Organization\",\"@id\":\"https:\\\/\\\/pizzeriaiduemondi.it\\\/www\\\/#organization\",\"name\":\"I Due Mondi pizzeria ristorante in Busca\",\"url\":\"https:\\\/\\\/pizzeriaiduemondi.it\\\/www\\\/\",\"logo\":{\"@type\":\"ImageObject\",\"inLanguage\":\"it-IT\",\"@id\":\"https:\\\/\\\/pizzeriaiduemondi.it\\\/www\\\/#\\\/schema\\\/logo\\\/image\\\/\",\"url\":\"https:\\\/\\\/pizzeriaiduemondi.it\\\/www\\\/imgs\\\/cropped-logo_full-1.png\",\"contentUrl\":\"https:\\\/\\\/pizzeriaiduemondi.it\\\/www\\\/imgs\\\/cropped-logo_full-1.png\",\"width\":396,\"height\":100,\"caption\":\"I Due Mondi pizzeria ristorante in Busca\"},\"image\":{\"@id\":\"https:\\\/\\\/pizzeriaiduemondi.it\\\/www\\\/#\\\/schema\\\/logo\\\/image\\\/\"},\"sameAs\":[\"https:\\\/\\\/www.facebook.com\\\/iduemondibusca\"]}]}<\/script>\n<!-- \/ Yoast SEO plugin. -->","yoast_head_json":{"title":"Il ristorante - I Due Mondi pizzeria ristorante in Busca","description":"Offriamo ai clienti un men\u00f9 alla carta e, prenotando, Paella Valenciana. Il pesce e i crostacei sono la nostra specialit\u00e0","robots":{"index":"index","follow":"follow","max-snippet":"max-snippet:-1","max-image-preview":"max-image-preview:large","max-video-preview":"max-video-preview:-1"},"canonical":"https:\/\/pizzeriaiduemondi.it\/www\/ristorante\/","og_locale":"it_IT","og_type":"article","og_title":"Il ristorante - I Due Mondi pizzeria ristorante in Busca","og_description":"Offriamo ai clienti un men\u00f9 alla carta e, prenotando, Paella Valenciana. Il pesce e i crostacei sono la nostra specialit\u00e0","og_url":"https:\/\/pizzeriaiduemondi.it\/www\/ristorante\/","og_site_name":"I Due Mondi pizzeria ristorante in Busca","article_publisher":"https:\/\/www.facebook.com\/iduemondibusca","article_modified_time":"2026-04-25T21:33:43+00:00","og_image":[{"width":1200,"height":800,"url":"https:\/\/pizzeriaiduemondi.it\/www\/imgs\/cozze.jpg","type":"image\/jpeg"}],"twitter_card":"summary_large_image","twitter_misc":{"Tempo di lettura stimato":"5 minuti"},"schema":{"@context":"https:\/\/schema.org","@graph":[{"@type":"WebPage","@id":"https:\/\/pizzeriaiduemondi.it\/www\/ristorante\/","url":"https:\/\/pizzeriaiduemondi.it\/www\/ristorante\/","name":"Il ristorante - I Due Mondi pizzeria ristorante in Busca","isPartOf":{"@id":"https:\/\/pizzeriaiduemondi.it\/www\/#website"},"primaryImageOfPage":{"@id":"https:\/\/pizzeriaiduemondi.it\/www\/ristorante\/#primaryimage"},"image":{"@id":"https:\/\/pizzeriaiduemondi.it\/www\/ristorante\/#primaryimage"},"thumbnailUrl":"https:\/\/pizzeriaiduemondi.it\/www\/imgs\/cozze.jpg","datePublished":"2022-07-27T17:40:09+00:00","dateModified":"2026-04-25T21:33:43+00:00","description":"Offriamo ai clienti un men\u00f9 alla carta e, prenotando, Paella Valenciana. Il pesce e i crostacei sono la nostra specialit\u00e0","breadcrumb":{"@id":"https:\/\/pizzeriaiduemondi.it\/www\/ristorante\/#breadcrumb"},"inLanguage":"it-IT","potentialAction":[{"@type":"ReadAction","target":["https:\/\/pizzeriaiduemondi.it\/www\/ristorante\/"]}]},{"@type":"ImageObject","inLanguage":"it-IT","@id":"https:\/\/pizzeriaiduemondi.it\/www\/ristorante\/#primaryimage","url":"https:\/\/pizzeriaiduemondi.it\/www\/imgs\/cozze.jpg","contentUrl":"https:\/\/pizzeriaiduemondi.it\/www\/imgs\/cozze.jpg","width":1200,"height":800,"caption":"pesce e crostacei"},{"@type":"BreadcrumbList","@id":"https:\/\/pizzeriaiduemondi.it\/www\/ristorante\/#breadcrumb","itemListElement":[{"@type":"ListItem","position":1,"name":"Home","item":"https:\/\/pizzeriaiduemondi.it\/www\/"},{"@type":"ListItem","position":2,"name":"Il ristorante"}]},{"@type":"WebSite","@id":"https:\/\/pizzeriaiduemondi.it\/www\/#website","url":"https:\/\/pizzeriaiduemondi.it\/www\/","name":"I Due Mondi pizzeria ristorante in Busca","description":"Pizzeria Ristorante in Busca","publisher":{"@id":"https:\/\/pizzeriaiduemondi.it\/www\/#organization"},"potentialAction":[{"@type":"SearchAction","target":{"@type":"EntryPoint","urlTemplate":"https:\/\/pizzeriaiduemondi.it\/www\/?s={search_term_string}"},"query-input":{"@type":"PropertyValueSpecification","valueRequired":true,"valueName":"search_term_string"}}],"inLanguage":"it-IT"},{"@type":"Organization","@id":"https:\/\/pizzeriaiduemondi.it\/www\/#organization","name":"I Due Mondi pizzeria ristorante in Busca","url":"https:\/\/pizzeriaiduemondi.it\/www\/","logo":{"@type":"ImageObject","inLanguage":"it-IT","@id":"https:\/\/pizzeriaiduemondi.it\/www\/#\/schema\/logo\/image\/","url":"https:\/\/pizzeriaiduemondi.it\/www\/imgs\/cropped-logo_full-1.png","contentUrl":"https:\/\/pizzeriaiduemondi.it\/www\/imgs\/cropped-logo_full-1.png","width":396,"height":100,"caption":"I Due Mondi pizzeria ristorante in Busca"},"image":{"@id":"https:\/\/pizzeriaiduemondi.it\/www\/#\/schema\/logo\/image\/"},"sameAs":["https:\/\/www.facebook.com\/iduemondibusca"]}]}},"_links":{"self":[{"href":"https:\/\/pizzeriaiduemondi.it\/www\/wp-json\/wp\/v2\/pages\/340","targetHints":{"allow":["GET"]}}],"collection":[{"href":"https:\/\/pizzeriaiduemondi.it\/www\/wp-json\/wp\/v2\/pages"}],"about":[{"href":"https:\/\/pizzeriaiduemondi.it\/www\/wp-json\/wp\/v2\/types\/page"}],"author":[{"embeddable":true,"href":"https:\/\/pizzeriaiduemondi.it\/www\/wp-json\/wp\/v2\/users\/1"}],"replies":[{"embeddable":true,"href":"https:\/\/pizzeriaiduemondi.it\/www\/wp-json\/wp\/v2\/comments?post=340"}],"version-history":[{"count":0,"href":"https:\/\/pizzeriaiduemondi.it\/www\/wp-json\/wp\/v2\/pages\/340\/revisions"}],"wp:featuredmedia":[{"embeddable":true,"href":"https:\/\/pizzeriaiduemondi.it\/www\/wp-json\/wp\/v2\/media\/489"}],"wp:attachment":[{"href":"https:\/\/pizzeriaiduemondi.it\/www\/wp-json\/wp\/v2\/media?parent=340"}],"curies":[{"name":"wp","href":"https:\/\/api.w.org\/{rel}","templated":true}]}}